{"id":726,"date":"2024-11-18T17:50:58","date_gmt":"2024-11-18T16:50:58","guid":{"rendered":"http:\/\/localhost:8888\/?page_id=726"},"modified":"2025-02-03T18:33:01","modified_gmt":"2025-02-03T17:33:01","slug":"cv","status":"publish","type":"page","link":"https:\/\/nathandesigns.fr\/index.php\/cv\/","title":{"rendered":"CV"},"content":{"rendered":"\t\t<div data-elementor-type=\"wp-page\" data-elementor-id=\"726\" class=\"elementor elementor-726\">\n\t\t\t\t<div class=\"elementor-element elementor-element-e06b96a e-flex e-con-boxed e-con e-parent\" data-id=\"e06b96a\" data-element_type=\"container\" data-settings=\"{&quot;background_background&quot;:&quot;classic&quot;}\">\n\t\t\t\t\t<div class=\"e-con-inner\">\n\t\t\t\t<div class=\"elementor-element elementor-element-f6f6b85 elementor-widget elementor-widget-timeline-widget-addon\" data-id=\"f6f6b85\" data-element_type=\"widget\" data-widget_type=\"timeline-widget-addon.default\">\n\t\t\t\t<div class=\"elementor-widget-container\">\n\t\t\t\t\t<!-- ========= Timeline Widget Addon For Elementor 1.6.12 ========= -->\n<div id=\"twae-wrapper-f6f6b85\" class=\"twae-vertical twae-wrapper  twae-both-sided\">   \n    <div class=\"twae-start\"><\/div>    \n    <div id=\"twea-timeline-f6f6b85\" class=\"twae-timeline\" ><!-- Start of Story Repeater Content --><div id=\"story-64f4081\" class=\"twae-story twae-repeater-item twae-story-right twae-story-no-icon\"><!-- Story Label --><div class=\"twae-labels\"><div class=\"twae-label-big\">Janvier 2025-F\u00e9vrier 2025<\/div><div class=\"twae-label-small\">Conseil D\u00e9partemental du Gard<\/div><\/div><!-- Story Icon --><div class=\"twae-icon\"><i aria-hidden=\"true\" class=\"far fa-clock\"><\/i><\/div><!-- Story Arrow --><div class=\"twae-arrow\"><\/div><!-- Start of Story Content --><div class=\"twae-content\"><!-- Story Title --><div class=\"twae-title\">Stage<\/div><!-- Story Description --><div class=\"twae-description\"><p>Stage avec les graphiste au service communication du Conseil D\u00e9partemental du Gard<\/p><\/div><\/div><\/div><!-- Start of Story Repeater Content --><div id=\"story-caf5657\" class=\"twae-story twae-repeater-item twae-story-left twae-story-no-icon\"><!-- Story Label --><div class=\"twae-labels\"><div class=\"twae-label-big\">Juillet 2024-Janvier 2025<\/div><div class=\"twae-label-small\">\u00c9cole multim\u00e9dia Paris<\/div><\/div><!-- Story Icon --><div class=\"twae-icon\"><i aria-hidden=\"true\" class=\"far fa-clock\"><\/i><\/div><!-- Story Arrow --><div class=\"twae-arrow\"><\/div><!-- Start of Story Content --><div class=\"twae-content\"><!-- Story Title --><div class=\"twae-title\">Formation Graphiste multim\u00e9dia<\/div><!-- Story Description --><div class=\"twae-description\"><p>Dipl\u00f4me Graphiste Multim\u00e9dia<\/p><\/div><\/div><\/div><!-- Start of Story Repeater Content --><div id=\"story-231a046\" class=\"twae-story twae-repeater-item twae-story-right twae-story-no-icon\"><!-- Story Label --><div class=\"twae-labels\"><div class=\"twae-label-big\">Mars 2023-Pr\u00e9sent<\/div><div class=\"twae-label-small\">Leroy Merlin N\u00eemes<\/div><\/div><!-- Story Icon --><div class=\"twae-icon\"><i aria-hidden=\"true\" class=\"far fa-clock\"><\/i><\/div><!-- Story Arrow --><div class=\"twae-arrow\"><\/div><!-- Start of Story Content --><div class=\"twae-content\"><!-- Story Title --><div class=\"twae-title\">Employ\u00e9 logistique<\/div><!-- Story Description --><div class=\"twae-description\"><p>Arriv\u00e9 dans l'entreprise au poste logistique mise en rayon puis au retrait marchandise. Polyvalence sur diff\u00e9rents postes.<\/p><\/div><\/div><\/div><!-- Start of Story Repeater Content --><div id=\"story-e483d61\" class=\"twae-story twae-repeater-item twae-story-left twae-story-no-icon\"><!-- Story Label --><div class=\"twae-labels\"><div class=\"twae-label-big\">Mai 2018-F\u00e9vrier 2023<\/div><div class=\"twae-label-small\">Intermarch\u00e9 SAS Falaur N\u00eemes<\/div><\/div><!-- Story Icon --><div class=\"twae-icon\"><i aria-hidden=\"true\" class=\"far fa-clock\"><\/i><\/div><!-- Story Arrow --><div class=\"twae-arrow\"><\/div><!-- Start of Story Content --><div class=\"twae-content\"><!-- Story Title --><div class=\"twae-title\">Adjoint Drive<\/div><!-- Story Description --><div class=\"twae-description\"><p>Prise de poste en 2018 en tant que pr\u00e9parateur de commandes. \u00c9volution au poste d'adjoint drive quelques ann\u00e9es plus tard.<\/p><\/div><\/div><\/div><!-- Start of Story Repeater Content --><div id=\"story-8236646\" class=\"twae-story twae-repeater-item twae-story-right twae-story-no-icon\"><!-- Story Label --><div class=\"twae-labels\"><div class=\"twae-label-big\">D\u00e9cembre 2016-F\u00e9vrier 2018<\/div><div class=\"twae-label-small\">G\u00e9odis Garons \/ Auchan N\u00eemes<\/div><\/div><!-- Story Icon --><div class=\"twae-icon\"><i aria-hidden=\"true\" class=\"far fa-clock\"><\/i><\/div><!-- Story Arrow --><div class=\"twae-arrow\"><\/div><!-- Start of Story Content --><div class=\"twae-content\"><!-- Story Title --><div class=\"twae-title\">Pr\u00e9parateur de commandes<\/div><!-- Story Description --><div class=\"twae-description\"><p>D\u00e9but de poste pr\u00e9parateur de commandes int\u00e9rimaire chez Proman. Formation et premi\u00e8re mission \u00e0 Geodis puis \u00e0 l'entrep\u00f4t Auchan.\u00a0<\/p><\/div><\/div><\/div><!-- Start of Story Repeater Content --><div id=\"story-c97b6ff\" class=\"twae-story twae-repeater-item twae-story-left twae-story-no-icon\"><!-- Story Label --><div class=\"twae-labels\"><div class=\"twae-label-big\">Mai 2016-Juin 2016<\/div><div class=\"twae-label-small\">KSW Security Avignon<\/div><\/div><!-- Story Icon --><div class=\"twae-icon\"><i aria-hidden=\"true\" class=\"far fa-clock\"><\/i><\/div><!-- Story Arrow --><div class=\"twae-arrow\"><\/div><!-- Start of Story Content --><div class=\"twae-content\"><!-- Story Title --><div class=\"twae-title\">Agent de s\u00e9curit\u00e9<\/div><!-- Story Description --><div class=\"twae-description\"><p>Apr\u00e8s obtention du dipl\u00f4me de CQP APS diff\u00e9rentes missions \u00e9v\u00e8nementielles dans la m\u00eame entreprise.<\/p><\/div><\/div><\/div><!-- Start of Story Repeater Content --><div id=\"story-1ddd08d\" class=\"twae-story twae-repeater-item twae-story-right twae-story-no-icon\"><!-- Story Label --><div class=\"twae-labels\"><div class=\"twae-label-big\">Ao\u00fbt 2015-Septembre 2015<\/div><div class=\"twae-label-small\">Tango N\u00eemes<\/div><\/div><!-- Story Icon --><div class=\"twae-icon\"><i aria-hidden=\"true\" class=\"far fa-clock\"><\/i><\/div><!-- Story Arrow --><div class=\"twae-arrow\"><\/div><!-- Start of Story Content --><div class=\"twae-content\"><!-- Story Title --><div class=\"twae-title\">Manutentionnaire<\/div><!-- Story Description --><div class=\"twae-description\"><p>Int\u00e9rimaire chez Crit, mission de manutention dans l'entrep\u00f4t Tango.<\/p><\/div><\/div><\/div><!-- Start of Story Repeater Content --><div id=\"story-f6a35af\" class=\"twae-story twae-repeater-item twae-story-left twae-story-no-icon\"><!-- Story Label --><div class=\"twae-labels\"><div class=\"twae-label-big\">2012-2015<\/div><div class=\"twae-label-small\">Centre canin la Grignande\/\u00c9levage des brumes de Kahlan <\/div><\/div><!-- Story Icon --><div class=\"twae-icon\"><i aria-hidden=\"true\" class=\"far fa-clock\"><\/i><\/div><!-- Story Arrow --><div class=\"twae-arrow\"><\/div><!-- Start of Story Content --><div class=\"twae-content\"><!-- Story Title --><div class=\"twae-title\">Assistant - Stagiaire<\/div><!-- Story Description --><div class=\"twae-description\"><p>Pendant mes \u00e9tudes (Bac pro gestion et conduite d'un \u00e9levage canin et f\u00e9lin) j'ai effectu\u00e9 mes stages dans cet \u00e9levage. Apr\u00e8s obtention de mon dipl\u00f4me, j'ai d\u00e9but\u00e9 ma vie professionnelle ici.\u00a0<\/p><\/div><\/div><\/div><\/div>\n    <div class=\"twae-end\"><\/div>\n    <\/div><style type=\"text\/css\">@media (max-width: 1024px){ .twae-wrapper{--tw-ybx-size: 80px !important;}}@media (max-width: 767px){ .twae-wrapper{--tw-ybx-size: 80px !important}}<\/style>\t\t\t\t<\/div>\n\t\t\t\t<\/div>\n\t\t\t\t<div class=\"elementor-element elementor-element-f342224 elementor-widget elementor-widget-eael-creative-button\" data-id=\"f342224\" data-element_type=\"widget\" data-widget_type=\"eael-creative-button.default\">\n\t\t\t\t<div class=\"elementor-widget-container\">\n\t\t\t\t\t        <div class=\"eael-creative-button-wrapper\">\n\n            <a class=\"eael-creative-button eael-creative-button--winona eael-cb-icon-position-\" href=\"https:\/\/nathandesigns.fr\/wp-content\/uploads\/2025\/02\/CV-Nathan-Revel.pdf\" target=\"_blank\" data-text=\"CV PDF\">\n            \t    \n                <div class=\"creative-button-inner\">\n\n                    \n                    <span class=\"cretive-button-text\">T\u00e9l\u00e9charger mon CV<\/span>\n\n                                    <\/div>\n\t                        <\/a>\n        <\/div>\n        \t\t\t\t<\/div>\n\t\t\t\t<\/div>\n\t\t\t\t\t<\/div>\n\t\t\t\t<\/div>\n\t\t\t\t<\/div>\n\t\t","protected":false},"excerpt":{"rendered":"<p>Janvier 2025-F\u00e9vrier 2025Conseil D\u00e9partemental du GardStage Stage avec les graphiste au service communication du Conseil D\u00e9partemental du Gard Juillet 2024-Janvier [&hellip;]<\/p>\n","protected":false},"author":1,"featured_media":0,"parent":0,"menu_order":0,"comment_status":"closed","ping_status":"closed","template":"elementor_header_footer","meta":{"site-sidebar-layout":"no-sidebar","site-content-layout":"","ast-site-content-layout":"full-width-container","site-content-style":"default","site-sidebar-style":"default","ast-global-header-display":"","ast-banner-title-visibility":"","ast-main-header-display":"","ast-hfb-above-header-display":"","ast-hfb-below-header-display":"","ast-hfb-mobile-header-display":"","site-post-title":"disabled","ast-breadcrumbs-content":"","ast-featured-img":"disabled","footer-sml-layout":"","ast-disable-related-posts":"","theme-transparent-header-meta":"","adv-header-id-meta":"","stick-header-meta":"","header-above-stick-meta":"","header-main-stick-meta":"","header-below-stick-meta":"","astra-migrate-meta-layouts":"default","ast-page-background-enabled":"default","ast-page-background-meta":{"desktop":{"background-color":"var(--ast-global-color-4)","background-image":"","background-repeat":"repeat","background-position":"center center","background-size":"auto","background-attachment":"scroll","background-type":"","background-media":"","overlay-type":"","overlay-color":"","overlay-opacity":"","overlay-gradient":""},"tablet":{"background-color":"","background-image":"","background-repeat":"repeat","background-position":"center center","background-size":"auto","background-attachment":"scroll","background-type":"","background-media":"","overlay-type":"","overlay-color":"","overlay-opacity":"","overlay-gradient":""},"mobile":{"background-color":"","background-image":"","background-repeat":"repeat","background-position":"center center","background-size":"auto","background-attachment":"scroll","background-type":"","background-media":"","overlay-type":"","overlay-color":"","overlay-opacity":"","overlay-gradient":""}},"ast-content-background-meta":{"desktop":{"background-color":"var(--ast-global-color-5)","background-image":"","background-repeat":"repeat","background-position":"center center","background-size":"auto","background-attachment":"scroll","background-type":"","background-media":"","overlay-type":"","overlay-color":"","overlay-opacity":"","overlay-gradient":""},"tablet":{"background-color":"var(--ast-global-color-5)","background-image":"","background-repeat":"repeat","background-position":"center center","background-size":"auto","background-attachment":"scroll","background-type":"","background-media":"","overlay-type":"","overlay-color":"","overlay-opacity":"","overlay-gradient":""},"mobile":{"background-color":"var(--ast-global-color-5)","background-image":"","background-repeat":"repeat","background-position":"center center","background-size":"auto","background-attachment":"scroll","background-type":"","background-media":"","overlay-type":"","overlay-color":"","overlay-opacity":"","overlay-gradient":""}},"footnotes":""},"class_list":["post-726","page","type-page","status-publish","hentry"],"_links":{"self":[{"href":"https:\/\/nathandesigns.fr\/index.php\/wp-json\/wp\/v2\/pages\/726","targetHints":{"allow":["GET"]}}],"collection":[{"href":"https:\/\/nathandesigns.fr\/index.php\/wp-json\/wp\/v2\/pages"}],"about":[{"href":"https:\/\/nathandesigns.fr\/index.php\/wp-json\/wp\/v2\/types\/page"}],"author":[{"embeddable":true,"href":"https:\/\/nathandesigns.fr\/index.php\/wp-json\/wp\/v2\/users\/1"}],"replies":[{"embeddable":true,"href":"https:\/\/nathandesigns.fr\/index.php\/wp-json\/wp\/v2\/comments?post=726"}],"version-history":[{"count":76,"href":"https:\/\/nathandesigns.fr\/index.php\/wp-json\/wp\/v2\/pages\/726\/revisions"}],"predecessor-version":[{"id":1772,"href":"https:\/\/nathandesigns.fr\/index.php\/wp-json\/wp\/v2\/pages\/726\/revisions\/1772"}],"wp:attachment":[{"href":"https:\/\/nathandesigns.fr\/index.php\/wp-json\/wp\/v2\/media?parent=726"}],"curies":[{"name":"wp","href":"https:\/\/api.w.org\/{rel}","templated":true}]}}